{"id":583,"date":"2026-04-03T16:29:13","date_gmt":"2026-04-03T16:29:13","guid":{"rendered":"https:\/\/adriana.ro\/?page_id=583"},"modified":"2026-04-03T16:29:13","modified_gmt":"2026-04-03T16:29:13","slug":"politica-de-cookies","status":"publish","type":"page","link":"https:\/\/adriana.ro\/index.php\/politica-de-cookies\/","title":{"rendered":"Politica de cookies"},"content":{"rendered":"<h1>Politica privind cookie-urile<\/h1>\n<p><strong>Data intr\u0103rii \u00een vigoare:<\/strong> 3 aprilie 2026 <strong>Ultima actualizare:<\/strong> 3 aprilie 2026<\/p>\n<h2>Ce sunt cookie-urile?<\/h2>\n<p>Aceast\u0103 Politic\u0103 privind cookie-urile explic\u0103 ce sunt cookie-urile, cum le utiliz\u0103m, tipurile de cookie-uri pe care le folosim (adic\u0103 informa\u021biile pe care le colect\u0103m prin intermediul cookie-urilor \u0219i modul \u00een care sunt utilizate aceste informa\u021bii), precum \u0219i cum pute\u021bi gestiona set\u0103rile cookie-urilor.<\/p>\n<p>Cookie-urile sunt fi\u0219iere text de mici dimensiuni utilizate pentru a stoca fragmente de informa\u021bii. Acestea sunt salvate pe dispozitivul dumneavoastr\u0103 atunci c\u00e2nd un site web se \u00eencarc\u0103 \u00een browser. Cookie-urile ajut\u0103 la func\u021bionarea corect\u0103 a site-ului, \u00eembun\u0103t\u0103\u021besc securitatea, ofer\u0103 o experien\u021b\u0103 de utilizare mai bun\u0103 \u0219i analizeaz\u0103 performan\u021ba pentru a identifica ce func\u021bioneaz\u0103 bine \u0219i unde sunt necesare \u00eembun\u0103t\u0103\u021biri.<\/p>\n<h2>Cum folosim cookie-urile?<\/h2>\n<p>La fel ca majoritatea serviciilor online, site-ul nostru utilizeaz\u0103 at\u00e2t cookie-uri proprii (first-party), c\u00e2t \u0219i cookie-uri ale ter\u021bilor (third-party), \u00een diverse scopuri. Cookie-urile proprii sunt necesare \u00een principal pentru func\u021bionarea corect\u0103 a site-ului \u0219i nu colecteaz\u0103 date cu caracter personal.<\/p>\n<p>Cookie-urile ter\u021bilor utilizate pe site-ul nostru ne ajut\u0103 \u00een principal s\u0103 \u00een\u021belegem cum func\u021bioneaz\u0103 site-ul, s\u0103 urm\u0103rim modul \u00een care interac\u021biona\u021bi cu acesta, s\u0103 men\u021binem serviciile noastre securizate, s\u0103 livr\u0103m reclame relevante \u0219i s\u0103 \u00eembun\u0103t\u0103\u021bim experien\u021ba general\u0103 de utilizare, acceler\u00e2nd totodat\u0103 interac\u021biunile viitoare cu site-ul nostru.<\/p>\n<h2>Tipuri de cookie-uri utilizate<\/h2>\n<h3>Necesare<\/h3>\n<p>Cookie-urile necesare sunt obligatorii pentru a permite func\u021bionalit\u0103\u021bile de baz\u0103 ale acestui site, cum ar fi autentificarea securizat\u0103 sau ajustarea preferin\u021belor de consim\u021b\u0103m\u00e2nt. Aceste cookie-uri nu stocheaz\u0103 date cu caracter personal.<\/p>\n<table>\n<thead>\n<tr>\n<th>Cookie<\/th>\n<th>Durat\u0103<\/th>\n<th>Descriere<\/th>\n<\/tr>\n<\/thead>\n<tbody>\n<tr>\n<td>wpEmojiSettingsSupports<\/td>\n<td>sesiune<\/td>\n<td>WordPress seteaz\u0103 acest cookie atunci c\u00e2nd un utilizator interac\u021bioneaz\u0103 cu emoji-uri pe un site WordPress. Ajut\u0103 la determinarea capacit\u0103\u021bii browserului utilizatorului de a afi\u0219a emoji-uri corect.<\/td>\n<\/tr>\n<tr>\n<td>cookieyes-consent<\/td>\n<td>1 an<\/td>\n<td>CookieYes seteaz\u0103 acest cookie pentru a re\u021bine preferin\u021bele de consim\u021b\u0103m\u00e2nt ale utilizatorilor, astfel \u00eenc\u00e2t acestea s\u0103 fie respectate la vizitele ulterioare pe acest site. Nu colecteaz\u0103 \u0219i nu stocheaz\u0103 informa\u021bii personale despre vizitatorii site-ului.<\/td>\n<\/tr>\n<tr>\n<td>__cf_bm<\/td>\n<td>1 or\u0103<\/td>\n<td>Acest cookie, setat de Cloudflare, este utilizat pentru a sus\u021bine func\u021bionalitatea Cloudflare Bot Management.<\/td>\n<\/tr>\n<tr>\n<td>VISITOR_PRIVACY_METADATA<\/td>\n<td>6 luni<\/td>\n<td>YouTube seteaz\u0103 acest cookie pentru a stoca starea consim\u021b\u0103m\u00e2ntului utilizatorului privind cookie-urile pentru domeniul curent.<\/td>\n<\/tr>\n<\/tbody>\n<\/table>\n<h3>Func\u021bionale<\/h3>\n<p>Cookie-urile func\u021bionale ajut\u0103 la realizarea anumitor func\u021bionalit\u0103\u021bi, precum partajarea con\u021binutului site-ului pe platformele de social media, colectarea feedback-ului \u0219i alte func\u021bii ale ter\u021bilor.<\/p>\n<table>\n<thead>\n<tr>\n<th>Cookie<\/th>\n<th>Durat\u0103<\/th>\n<th>Descriere<\/th>\n<\/tr>\n<\/thead>\n<tbody>\n<tr>\n<td>VISITOR_INFO1_LIVE<\/td>\n<td>6 luni<\/td>\n<td>Un cookie setat de YouTube pentru a m\u0103sura l\u0103\u021bimea de band\u0103, determin\u00e2nd dac\u0103 utilizatorul prime\u0219te interfa\u021ba nou\u0103 sau veche a playerului.<\/td>\n<\/tr>\n<tr>\n<td>ytidb::LAST_RESULT_ENTRY_KEY<\/td>\n<td>Nu expir\u0103<\/td>\n<td>Cookie-ul ytidb::LAST_RESULT_ENTRY_KEY este utilizat de YouTube pentru a stoca ultimul rezultat de c\u0103utare accesat de utilizator. Aceast\u0103 informa\u021bie este folosit\u0103 pentru a \u00eembun\u0103t\u0103\u021bi experien\u021ba utilizatorului prin furnizarea unor rezultate de c\u0103utare mai relevante \u00een viitor.<\/td>\n<\/tr>\n<\/tbody>\n<\/table>\n<h3>Analitice<\/h3>\n<p>Cookie-urile analitice sunt utilizate pentru a \u00een\u021belege modul \u00een care vizitatorii interac\u021bioneaz\u0103 cu site-ul. Aceste cookie-uri furnizeaz\u0103 informa\u021bii despre indicatori precum num\u0103rul de vizitatori, rata de respingere, sursa de trafic etc.<\/p>\n<table>\n<thead>\n<tr>\n<th>Cookie<\/th>\n<th>Durat\u0103<\/th>\n<th>Descriere<\/th>\n<\/tr>\n<\/thead>\n<tbody>\n<tr>\n<td>YSC<\/td>\n<td>sesiune<\/td>\n<td>Cookie-ul YSC este setat de YouTube \u0219i este utilizat pentru a urm\u0103ri vizualiz\u0103rile videoclipurilor \u00eencorporate pe paginile YouTube.<\/td>\n<\/tr>\n<\/tbody>\n<\/table>\n<h3>De performan\u021b\u0103<\/h3>\n<p>Cookie-urile de performan\u021b\u0103 sunt utilizate pentru a \u00een\u021belege \u0219i analiza indicatorii cheie de performan\u021b\u0103 ai site-ului, contribuind la oferirea unei experien\u021be de utilizare mai bune pentru vizitatori.<\/p>\n<table>\n<thead>\n<tr>\n<th>Cookie<\/th>\n<th>Durat\u0103<\/th>\n<th>Descriere<\/th>\n<\/tr>\n<\/thead>\n<tbody>\n<tr>\n<td>SERVERID<\/td>\n<td>sesiune<\/td>\n<td>Acest cookie este setat de balancerul de \u00eenc\u0103rcare HAProxy al Slideshare pentru a atribui vizitatorul unui server specific.<\/td>\n<\/tr>\n<\/tbody>\n<\/table>\n<h3>Publicitare<\/h3>\n<p>Cookie-urile publicitare sunt utilizate pentru a oferi vizitatorilor reclame personalizate pe baza paginilor vizitate anterior \u0219i pentru a analiza eficien\u021ba campaniilor publicitare.<\/p>\n<table>\n<thead>\n<tr>\n<th>Cookie<\/th>\n<th>Durat\u0103<\/th>\n<th>Descriere<\/th>\n<\/tr>\n<\/thead>\n<tbody>\n<tr>\n<td>__Secure-YNID<\/td>\n<td>6 luni<\/td>\n<td>Cookie YouTube utilizat pentru a proteja securitatea utilizatorului \u0219i a preveni frauda, \u00een special \u00een timpul procesului de autentificare.<\/td>\n<\/tr>\n<tr>\n<td>__Secure-ROLLOUT_TOKEN<\/td>\n<td>6 luni<\/td>\n<td>YouTube seteaz\u0103 acest cookie pentru a gestiona lansarea func\u021bionalit\u0103\u021bilor \u0219i experimentarea. Ajut\u0103 Google s\u0103 controleze ce func\u021bii noi sau modific\u0103ri de interfa\u021b\u0103 sunt afi\u0219ate utilizatorilor ca parte a test\u0103rii \u0219i lans\u0103rilor etapizate, asigur\u00e2nd o experien\u021b\u0103 consecvent\u0103 pentru un anumit utilizator pe durata unui experiment.<\/td>\n<\/tr>\n<tr>\n<td>__Secure-YEC<\/td>\n<td>expirat<\/td>\n<td>Descrierea nu este disponibil\u0103 \u00een prezent.<\/td>\n<\/tr>\n<\/tbody>\n<\/table>\n<h2>Gestionarea preferin\u021belor cookie-urilor<\/h2>\n<h3>Preferin\u021be de consim\u021b\u0103m\u00e2nt<\/h3>\n<p>Pute\u021bi modifica set\u0103rile cookie-urilor oric\u00e2nd f\u0103c\u00e2nd clic pe butonul \u201ePreferin\u021be de consim\u021b\u0103m\u00e2nt&#8221; de mai sus. Acest lucru v\u0103 va permite s\u0103 revede\u021bi bannerul de consim\u021b\u0103m\u00e2nt pentru cookie-uri \u0219i s\u0103 v\u0103 actualiza\u021bi preferin\u021bele sau s\u0103 v\u0103 retrage\u021bi consim\u021b\u0103m\u00e2ntul imediat.<\/p>\n<p>\u00cen plus, diferite browsere ofer\u0103 diverse metode pentru a bloca \u0219i \u0219terge cookie-urile utilizate de site-uri. Pute\u021bi ajusta set\u0103rile browserului dumneavoastr\u0103 pentru a bloca sau \u0219terge cookie-urile. Mai jos g\u0103si\u021bi linkuri c\u0103tre documentele de asisten\u021b\u0103 privind gestionarea \u0219i \u0219tergerea cookie-urilor \u00een principalele browsere web:<\/p>\n<ul>\n<li>Chrome: https:\/\/support.google.com\/accounts\/answer\/32050<\/li>\n<li>Safari: https:\/\/support.apple.com\/en-in\/guide\/safari\/sfri11471\/mac<\/li>\n<li>Firefox: https:\/\/support.mozilla.org\/en-US\/kb\/clear-cookies-and-site-data-firefox?redirectslug=delete-cookies-remove-info-websites-stored&amp;redirectlocale=en-US<\/li>\n<li>Internet Explorer: https:\/\/support.microsoft.com\/en-us\/topic\/how-to-delete-cookie-files-in-internet-explorer-bca9446f-d873-78de-77ba-d42645fa52fc<\/li>\n<\/ul>\n<p>Dac\u0103 utiliza\u021bi un alt browser web, v\u0103 rug\u0103m s\u0103 consulta\u021bi documenta\u021bia oficial\u0103 de asisten\u021b\u0103 a acestuia.<\/p>\n<hr \/>\n<p><em>Politica privind cookie-urile generat\u0103 de CookieYes \u2014 Cookie Policy Generator<\/em><\/p>\n","protected":false},"excerpt":{"rendered":"<p>Politica privind cookie-urile Data intr\u0103rii \u00een vigoare: 3 aprilie 2026 Ultima actualizare: 3 aprilie 2026 Ce sunt cookie-urile? Aceast\u0103 Politic\u0103 privind cookie-urile explic\u0103 ce sunt cookie-urile, cum le utiliz\u0103m, tipurile de cookie-uri pe care le folosim (adic\u0103 informa\u021biile pe care le colect\u0103m prin intermediul cookie-urilor \u0219i modul \u00een care sunt utilizate aceste informa\u021bii), precum \u0219i [&hellip;]<\/p>\n","protected":false},"author":1,"featured_media":0,"parent":0,"menu_order":0,"comment_status":"closed","ping_status":"closed","template":"","meta":{"footnotes":""},"class_list":["post-583","page","type-page","status-publish","hentry"],"aioseo_notices":[],"_links":{"self":[{"href":"https:\/\/adriana.ro\/index.php\/wp-json\/wp\/v2\/pages\/583","targetHints":{"allow":["GET"]}}],"collection":[{"href":"https:\/\/adriana.ro\/index.php\/wp-json\/wp\/v2\/pages"}],"about":[{"href":"https:\/\/adriana.ro\/index.php\/wp-json\/wp\/v2\/types\/page"}],"author":[{"embeddable":true,"href":"https:\/\/adriana.ro\/index.php\/wp-json\/wp\/v2\/users\/1"}],"replies":[{"embeddable":true,"href":"https:\/\/adriana.ro\/index.php\/wp-json\/wp\/v2\/comments?post=583"}],"version-history":[{"count":1,"href":"https:\/\/adriana.ro\/index.php\/wp-json\/wp\/v2\/pages\/583\/revisions"}],"predecessor-version":[{"id":584,"href":"https:\/\/adriana.ro\/index.php\/wp-json\/wp\/v2\/pages\/583\/revisions\/584"}],"wp:attachment":[{"href":"https:\/\/adriana.ro\/index.php\/wp-json\/wp\/v2\/media?parent=583"}],"curies":[{"name":"wp","href":"https:\/\/api.w.org\/{rel}","templated":true}]}}